{"id":16,"date":"2024-07-29T14:04:06","date_gmt":"2024-07-29T14:04:06","guid":{"rendered":"https:\/\/mxrotulosetiquetas.com.br\/?page_id=16"},"modified":"2024-08-23T13:38:14","modified_gmt":"2024-08-23T13:38:14","slug":"sobre","status":"publish","type":"page","link":"https:\/\/mxrotulosetiquetas.com.br\/index.php\/sobre\/","title":{"rendered":"Sobre"},"content":{"rendered":"\t\t<div data-elementor-type=\"wp-page\" data-elementor-id=\"16\" class=\"elementor elementor-16\" data-elementor-post-type=\"page\">\n\t\t\t\t<div class=\"elementor-element elementor-element-bf11215 e-con-full e-flex e-con e-parent\" data-id=\"bf11215\" data-element_type=\"container\" data-settings=\"{&quot;background_background&quot;:&quot;slideshow&quot;,&quot;background_slideshow_gallery&quot;:[{&quot;id&quot;:64,&quot;url&quot;:&quot;https:\\\/\\\/mxrotulosetiquetas.com.br\\\/wp-content\\\/uploads\\\/2024\\\/07\\\/1.png&quot;},{&quot;id&quot;:65,&quot;url&quot;:&quot;https:\\\/\\\/mxrotulosetiquetas.com.br\\\/wp-content\\\/uploads\\\/2024\\\/07\\\/2.png&quot;}],&quot;background_slideshow_loop&quot;:&quot;yes&quot;,&quot;background_slideshow_slide_duration&quot;:5000,&quot;background_slideshow_slide_transition&quot;:&quot;fade&quot;,&quot;background_slideshow_transition_duration&quot;:500}\">\n\t\t<div class=\"elementor-element elementor-element-978dfbc e-flex e-con-boxed e-con e-child\" data-id=\"978dfbc\" data-element_type=\"container\">\n\t\t\t\t\t<div class=\"e-con-inner\">\n\t\t\t\t<div class=\"elementor-element elementor-element-cb1601c elementor-widget elementor-widget-heading\" data-id=\"cb1601c\" data-element_type=\"widget\" data-widget_type=\"heading.default\">\n\t\t\t\t<div class=\"elementor-widget-container\">\n\t\t\t\t\t<h2 class=\"elementor-heading-title elementor-size-default\">Quem somos<\/h2>\t\t\t\t<\/div>\n\t\t\t\t<\/div>\n\t\t\t\t<div class=\"elementor-element elementor-element-9dfb558 elementor-widget elementor-widget-heading\" data-id=\"9dfb558\" data-element_type=\"widget\" data-widget_type=\"heading.default\">\n\t\t\t\t<div class=\"elementor-widget-container\">\n\t\t\t\t\t<h2 class=\"elementor-heading-title elementor-size-default\">Transformando Detalhes em Excel\u00eancia desde 1994<\/h2>\t\t\t\t<\/div>\n\t\t\t\t<\/div>\n\t\t\t\t<div class=\"elementor-element elementor-element-6050de6 elementor-widget elementor-widget-text-editor\" data-id=\"6050de6\" data-element_type=\"widget\" data-widget_type=\"text-editor.default\">\n\t\t\t\t<div class=\"elementor-widget-container\">\n\t\t\t\t\t\t\t\t\t<div class=\"flex flex-grow flex-col max-w-full\"><div class=\"min-h-[20px] text-message flex w-full flex-col items-end gap-2 whitespace-pre-wrap break-words [.text-message+&amp;]:mt-5 overflow-x-auto\" dir=\"auto\" data-message-author-role=\"assistant\" data-message-id=\"454b01f5-1166-4fc2-b157-a463599a6e88\"><div class=\"flex w-full flex-col gap-1 empty:hidden first:pt-[3px]\"><div class=\"markdown prose w-full break-words dark:prose-invert light\"><p>Desde 1994, a MX se destaca como refer\u00eancia em etiquetas e r\u00f3tulos personalizados. Fundada em Brusque, Santa Catarina, um dos maiores polos t\u00eaxteis do Brasil, come\u00e7amos nossa trajet\u00f3ria com a produ\u00e7\u00e3o de etiquetas de tecido, sempre com o compromisso de elevar e valorizar a marca dos nossos clientes.<\/p><p>Com o passar dos anos, expandimos nosso portf\u00f3lio para incluir uma ampla gama de solu\u00e7\u00f5es em etiquetas e r\u00f3tulos, sempre mantendo nosso foco na qualidade e na inova\u00e7\u00e3o. Nosso diferencial est\u00e1 na capacidade de personaliza\u00e7\u00e3o e na utiliza\u00e7\u00e3o de materiais de alta qualidade, como cetim importado, PE, nylon emborrachado e BOPP.<\/p><\/div><\/div><\/div><\/div>\t\t\t\t\t\t\t\t<\/div>\n\t\t\t\t<\/div>\n\t\t\t\t<div class=\"elementor-element elementor-element-852a46f elementor-mobile-align-center elementor-widget elementor-widget-button\" data-id=\"852a46f\" data-element_type=\"widget\" data-widget_type=\"button.default\">\n\t\t\t\t<div class=\"elementor-widget-container\">\n\t\t\t\t\t\t\t\t\t<div class=\"elementor-button-wrapper\">\n\t\t\t\t\t<a class=\"elementor-button elementor-button-link elementor-size-sm\" href=\"https:\/\/api.whatsapp.com\/send?phone=554733046063&#038;text=Ol%C3%A1,%20vim%20pelo%20site%20e%20tenho%20interesse%20nos%20seus%20produtos.\">\n\t\t\t\t\t\t<span class=\"elementor-button-content-wrapper\">\n\t\t\t\t\t\t<span class=\"elementor-button-icon\">\n\t\t\t\t<svg aria-hidden=\"true\" class=\"e-font-icon-svg e-fas-arrow-right\" viewBox=\"0 0 448 512\" xmlns=\"http:\/\/www.w3.org\/2000\/svg\"><path d=\"M190.5 66.9l22.2-22.2c9.4-9.4 24.6-9.4 33.9 0L441 239c9.4 9.4 9.4 24.6 0 33.9L246.6 467.3c-9.4 9.4-24.6 9.4-33.9 0l-22.2-22.2c-9.5-9.5-9.3-25 .4-34.3L311.4 296H24c-13.3 0-24-10.7-24-24v-32c0-13.3 10.7-24 24-24h287.4L190.9 101.2c-9.8-9.3-10-24.8-.4-34.3z\"><\/path><\/svg>\t\t\t<\/span>\n\t\t\t\t\t\t\t\t\t<span class=\"elementor-button-text\">Fale conosco<\/span>\n\t\t\t\t\t<\/span>\n\t\t\t\t\t<\/a>\n\t\t\t\t<\/div>\n\t\t\t\t\t\t\t\t<\/div>\n\t\t\t\t<\/div>\n\t\t\t\t\t<\/div>\n\t\t\t\t<\/div>\n\t\t<div class=\"elementor-element elementor-element-d7a3306 e-con-full e-flex e-con e-child\" data-id=\"d7a3306\" data-element_type=\"container\">\n\t\t\t\t<\/div>\n\t\t\t\t<\/div>\n\t\t<div class=\"elementor-element elementor-element-0b2c4fd e-flex e-con-boxed e-con e-parent\" data-id=\"0b2c4fd\" data-element_type=\"container\">\n\t\t\t\t\t<div class=\"e-con-inner\">\n\t\t<div class=\"elementor-element elementor-element-eca4284 e-con-full e-flex e-con e-child\" data-id=\"eca4284\" data-element_type=\"container\" data-settings=\"{&quot;background_background&quot;:&quot;classic&quot;}\">\n\t\t\t\t<div class=\"elementor-element elementor-element-d0b0242 elementor-widget elementor-widget-heading\" data-id=\"d0b0242\" data-element_type=\"widget\" data-widget_type=\"heading.default\">\n\t\t\t\t<div class=\"elementor-widget-container\">\n\t\t\t\t\t<h2 class=\"elementor-heading-title elementor-size-default\">Nossa  Miss\u00e3o<\/h2>\t\t\t\t<\/div>\n\t\t\t\t<\/div>\n\t\t\t\t<div class=\"elementor-element elementor-element-72367f0 elementor-widget elementor-widget-text-editor\" data-id=\"72367f0\" data-element_type=\"widget\" data-widget_type=\"text-editor.default\">\n\t\t\t\t<div class=\"elementor-widget-container\">\n\t\t\t\t\t\t\t\t\t<p>Nossa miss\u00e3o \u00e9 oferecer produtos que n\u00e3o apenas atendam \u00e0s necessidades dos nossos clientes, mas que tamb\u00e9m superem suas expectativas. Trabalhamos para garantir que cada pe\u00e7a produzida seja um reflexo da excel\u00eancia e dedica\u00e7\u00e3o que colocamos em tudo o que fazemos.<\/p>\t\t\t\t\t\t\t\t<\/div>\n\t\t\t\t<\/div>\n\t\t\t\t<\/div>\n\t\t<div class=\"elementor-element elementor-element-61b0490 e-con-full e-flex e-con e-child\" data-id=\"61b0490\" data-element_type=\"container\" data-settings=\"{&quot;background_background&quot;:&quot;classic&quot;}\">\n\t\t\t\t<div class=\"elementor-element elementor-element-63fbbd4 elementor-widget elementor-widget-heading\" data-id=\"63fbbd4\" data-element_type=\"widget\" data-widget_type=\"heading.default\">\n\t\t\t\t<div class=\"elementor-widget-container\">\n\t\t\t\t\t<h2 class=\"elementor-heading-title elementor-size-default\">Nossos Valores<\/h2>\t\t\t\t<\/div>\n\t\t\t\t<\/div>\n\t\t\t\t<div class=\"elementor-element elementor-element-d5fbf03 elementor-widget elementor-widget-text-editor\" data-id=\"d5fbf03\" data-element_type=\"widget\" data-widget_type=\"text-editor.default\">\n\t\t\t\t<div class=\"elementor-widget-container\">\n\t\t\t\t\t\t\t\t\t<p>Prezamos por qualidade, efici\u00eancia e um relacionamento pr\u00f3ximo com nossos clientes. Acreditamos que o sucesso de um produto est\u00e1 nos detalhes, e \u00e9 por isso que cuidamos de cada etapa do processo de produ\u00e7\u00e3o com o m\u00e1ximo cuidado e aten\u00e7\u00e3o.<\/p>\t\t\t\t\t\t\t\t<\/div>\n\t\t\t\t<\/div>\n\t\t\t\t<\/div>\n\t\t\t\t\t<\/div>\n\t\t\t\t<\/div>\n\t\t<div class=\"elementor-element elementor-element-2a940d0 e-flex e-con-boxed e-con e-parent\" data-id=\"2a940d0\" data-element_type=\"container\" data-settings=\"{&quot;background_background&quot;:&quot;classic&quot;}\">\n\t\t\t\t\t<div class=\"e-con-inner\">\n\t\t\t\t<div class=\"elementor-element elementor-element-8c57762 elementor-widget elementor-widget-heading\" data-id=\"8c57762\" data-element_type=\"widget\" data-widget_type=\"heading.default\">\n\t\t\t\t<div class=\"elementor-widget-container\">\n\t\t\t\t\t<h2 class=\"elementor-heading-title elementor-size-default\">Porque escolher a MX Etiquetas<\/h2>\t\t\t\t<\/div>\n\t\t\t\t<\/div>\n\t\t\t\t<div class=\"elementor-element elementor-element-a754229 elementor-widget elementor-widget-text-editor\" data-id=\"a754229\" data-element_type=\"widget\" data-widget_type=\"text-editor.default\">\n\t\t\t\t<div class=\"elementor-widget-container\">\n\t\t\t\t\t\t\t\t\t<p>Na MX, voc\u00ea encontra uma equipe experiente e apaixonada pelo que faz, pronta para oferecer solu\u00e7\u00f5es sob medida para destacar sua marca de maneira \u00fanica e profissional. Seja qual for a sua necessidade, estamos aqui para ajudar voc\u00ea a transformar suas ideias em realidade.<\/p>\t\t\t\t\t\t\t\t<\/div>\n\t\t\t\t<\/div>\n\t\t\t\t\t<\/div>\n\t\t\t\t<\/div>\n\t\t<div class=\"elementor-element elementor-element-92dcbae e-flex e-con-boxed e-con e-parent\" data-id=\"92dcbae\" data-element_type=\"container\">\n\t\t\t\t\t<div class=\"e-con-inner\">\n\t\t\t\t<div class=\"elementor-element elementor-element-cd73f09 elementor-widget elementor-widget-heading\" data-id=\"cd73f09\" data-element_type=\"widget\" data-widget_type=\"heading.default\">\n\t\t\t\t<div class=\"elementor-widget-container\">\n\t\t\t\t\t<h2 class=\"elementor-heading-title elementor-size-default\">Entre em contato agora mesmo para fazer sua cota\u00e7\u00e3o<\/h2>\t\t\t\t<\/div>\n\t\t\t\t<\/div>\n\t\t\t\t<div class=\"elementor-element elementor-element-f36b811 elementor-button-info elementor-align-center elementor-widget elementor-widget-button\" data-id=\"f36b811\" data-element_type=\"widget\" data-widget_type=\"button.default\">\n\t\t\t\t<div class=\"elementor-widget-container\">\n\t\t\t\t\t\t\t\t\t<div class=\"elementor-button-wrapper\">\n\t\t\t\t\t<a class=\"elementor-button elementor-button-link elementor-size-sm\" href=\"https:\/\/api.whatsapp.com\/send?phone=554733046063&#038;text=Ol%C3%A1,%20vim%20pelo%20site%20e%20tenho%20interesse%20nos%20seus%20produtos.\">\n\t\t\t\t\t\t<span class=\"elementor-button-content-wrapper\">\n\t\t\t\t\t\t\t\t\t<span class=\"elementor-button-text\">Fale conosco<\/span>\n\t\t\t\t\t<\/span>\n\t\t\t\t\t<\/a>\n\t\t\t\t<\/div>\n\t\t\t\t\t\t\t\t<\/div>\n\t\t\t\t<\/div>\n\t\t\t\t\t<\/div>\n\t\t\t\t<\/div>\n\t\t\t\t<\/div>\n\t\t","protected":false},"excerpt":{"rendered":"<p>Quem somos Transformando Detalhes em Excel\u00eancia desde 1994 Desde 1994, a MX se destaca como refer\u00eancia em etiquetas e r\u00f3tulos personalizados. Fundada em Brusque, Santa Catarina, um dos maiores polos t\u00eaxteis do Brasil, come\u00e7amos nossa trajet\u00f3ria com a produ\u00e7\u00e3o de etiquetas de tecido, sempre com o compromisso de elevar e valorizar a marca dos nossos [&hellip;]<\/p>\n","protected":false},"author":1,"featured_media":0,"parent":0,"menu_order":0,"comment_status":"closed","ping_status":"closed","template":"elementor_header_footer","meta":{"footnotes":""},"class_list":["post-16","page","type-page","status-publish","hentry"],"_links":{"self":[{"href":"https:\/\/mxrotulosetiquetas.com.br\/index.php\/wp-json\/wp\/v2\/pages\/16","targetHints":{"allow":["GET"]}}],"collection":[{"href":"https:\/\/mxrotulosetiquetas.com.br\/index.php\/wp-json\/wp\/v2\/pages"}],"about":[{"href":"https:\/\/mxrotulosetiquetas.com.br\/index.php\/wp-json\/wp\/v2\/types\/page"}],"author":[{"embeddable":true,"href":"https:\/\/mxrotulosetiquetas.com.br\/index.php\/wp-json\/wp\/v2\/users\/1"}],"replies":[{"embeddable":true,"href":"https:\/\/mxrotulosetiquetas.com.br\/index.php\/wp-json\/wp\/v2\/comments?post=16"}],"version-history":[{"count":16,"href":"https:\/\/mxrotulosetiquetas.com.br\/index.php\/wp-json\/wp\/v2\/pages\/16\/revisions"}],"predecessor-version":[{"id":297,"href":"https:\/\/mxrotulosetiquetas.com.br\/index.php\/wp-json\/wp\/v2\/pages\/16\/revisions\/297"}],"wp:attachment":[{"href":"https:\/\/mxrotulosetiquetas.com.br\/index.php\/wp-json\/wp\/v2\/media?parent=16"}],"curies":[{"name":"wp","href":"https:\/\/api.w.org\/{rel}","templated":true}]}}